{"id":116,"date":"2023-05-05T15:12:59","date_gmt":"2023-05-05T15:12:59","guid":{"rendered":"https:\/\/pferde.osteopathie-schneverdingen.de\/?page_id=116"},"modified":"2023-05-05T15:52:52","modified_gmt":"2023-05-05T15:52:52","slug":"pferdeostepathie","status":"publish","type":"page","link":"https:\/\/pferde.osteopathie-schneverdingen.de\/?page_id=116","title":{"rendered":"Pferdeostepathie"},"content":{"rendered":"\t\t<div data-elementor-type=\"wp-page\" data-elementor-id=\"116\" class=\"elementor elementor-116\">\n\t\t\t\t\t\t\t\t\t<section class=\"elementor-section elementor-top-section elementor-element elementor-element-5068d50f elementor-section-boxed elementor-section-height-default elementor-section-height-default\" data-id=\"5068d50f\" data-element_type=\"section\">\n\t\t\t\t\t\t<div class=\"elementor-container elementor-column-gap-default\">\n\t\t\t\t\t<div class=\"elementor-column elementor-col-100 elementor-top-column elementor-element elementor-element-2a83d718\" data-id=\"2a83d718\" data-element_type=\"column\">\n\t\t\t<div class=\"elementor-widget-wrap elementor-element-populated\">\n\t\t\t\t\t\t\t\t<div class=\"elementor-element elementor-element-449b474c elementor-widget elementor-widget-text-editor\" data-id=\"449b474c\" data-element_type=\"widget\" data-widget_type=\"text-editor.default\">\n\t\t\t\t<div class=\"elementor-widget-container\">\n\t\t\t<style>\/*! elementor - v3.15.0 - 20-08-2023 *\/\n.elementor-widget-text-editor.elementor-drop-cap-view-stacked .elementor-drop-cap{background-color:#69727d;color:#fff}.elementor-widget-text-editor.elementor-drop-cap-view-framed .elementor-drop-cap{color:#69727d;border:3px solid;background-color:transparent}.elementor-widget-text-editor:not(.elementor-drop-cap-view-default) .elementor-drop-cap{margin-top:8px}.elementor-widget-text-editor:not(.elementor-drop-cap-view-default) .elementor-drop-cap-letter{width:1em;height:1em}.elementor-widget-text-editor .elementor-drop-cap{float:left;text-align:center;line-height:1;font-size:50px}.elementor-widget-text-editor .elementor-drop-cap-letter{display:inline-block}<\/style>\t\t\t\t<p>Osteopathie f\u00fcr Pferde<\/p><p>Eine <strong>Osteopathische Behandlung am Pferd<\/strong> ist ein ganzheitliches Behandlungskonzept, die gute anatomischen und physiologischen Kenntnisse der verschiedenen Systeme im K\u00f6rper von Pferd und Mensch voraussetzt. Die Pferde Osteopathie entspricht den Prinzipien der Human Osteopathie. Der Erfahrungsschatz aus dem Humanbereich kann fast vollst\u00e4ndig \u00fcbertragen werden.<\/p><p>Ein Pferd kann nicht sprechen oder doch? Pferde sind Herdentiere und Spezialisten in der Kommunikation auf nonverbaler Ebene. Sie spiegeln unser Verhalten, unsere K\u00f6rperenergie, unsere Haltung, unsere Gedanken unsere Charakterz\u00fcge und vieles mehr.<\/p><p><em>An Osteopath is a person who works with feeling, seeing, thinking and knowing fingers. (Ein Osteopath arbeitet mit f\u00fchlenden, sehenden, denkenden und wissenden H\u00e4nden.) William Garner Sutherland<u>.<\/u><\/em><\/p><p>Eine osteopathische Untersuchung und Behandlung eines Pferdes umfasst immer alle <strong>drei osteopathischen Systeme<\/strong>:<\/p><p><strong>Das Parietale System<\/strong>: Die Knochen, Muskeln, Bindegewebe, Fascien und Sehnen. Das Fasciales System\u00a0 als Organ betrachtet verbindet \u00a0in einem gro\u00dfen Netzwerk alle genannten Strukturen miteinander und \u00fcbertr\u00e4gt Kr\u00e4fte dreidimensional in alle Richtungen.<\/p><p>Wie zum Beispiel das Kiefergelenk, das \u00fcber Z\u00e4hne, Gebiss und B\u00e4nder hohe Einwirkung \u00fcber die Wirbels\u00e4ule auf die Hinterhand des Pferdes hat.<\/p><p><em>Beides, Hergabe des Genicks und Biegsam machen der Hinterhand, geht also Hand in Hand. (Gustav Steinbrecht)\u00a0<\/em><\/p><p><em>Die Leichtigkeit im Maul, geht der Leichtigkeit des ganzen Pferdes voraus. (Salomon de la Broue)<\/em><\/p><p><strong>Das Viszerale System<\/strong>:\u00a0 Die Organ: Magen , Darm , Lunge , Leber usw. Jedes Organ hat \u00fcber seine Bandverbindungen Auswirkungen auf den Haltungsapparat bzw. die Wirbels\u00e4ule des Pferdes<\/p><p><strong>Das Kranio-Sacrales System<\/strong>: Die Sch\u00e4delknochen und ihre Beweglichkeit, das, Kreuzbein, die Membranen des Gehirns und R\u00fcckenmarks und die Liquor Zirkulation.<\/p><p>Krankheiten, egal welchen Ursprungs, k\u00f6nnen zu Dysfunktion oder Blockade eines oder mehrerer Systeme f\u00fchren. Dadurch k\u00f6nnen vielf\u00e4ltige Symptome entstehen, die zu neurologischen, sensorischen und motorischen Ver\u00e4nderungen f\u00fchren.<\/p><p>To find health should be the object of the doctor. Anyone can find disease.\u201d \u2015 Andrew Taylor Still<\/p><p><strong><u>M\u00f6gliche Indikationen f\u00fcr eine Osteopathische Behandlung \u00a0am Pferd<\/u><\/strong><\/p><ul><li>Ein Pferd l\u00e4sst sich nur gegen seinen Willen Satteln \/ Trensen<\/li><li>Verschiedene Arten von Lahmheiten, Anzeichen von Schmerzen durch Entlastungshaltungen, bei Steifheit mit Schmerzen im gesamten Bereich der Wirbels\u00e4ule, in der Muskulatur ,verspannte Fascien , \u201eDas Pferd erscheint \u00a0v\u00f6llig verzogen\u201c<\/li><li>chronische Schmerzen, Kopfschmerzen, Konzentrationsprobleme<\/li><li>Schwierigkeiten bei Stellung, Biegung, Versammlung,\u201c Ein Pferd geht nicht \u00fcber den R\u00fccken\u201c<\/li><li>pl\u00f6tzlicher Leistungsabfall<\/li><li>hormonelle St\u00f6rungen, Organbeschwerden :Probleme mit dem Rosse<\/li><li>Magenprobleme,<\/li><li>Stress (z.B. Stallwechsel, Besitzerwechsel)<\/li><li>nach jeglichem Trauma z.B. St\u00fcrze, Festliegen, Verladeunf\u00e4lle, Verlust, Beeintr\u00e4chtigung der Sinnesorgane, Schreckhaftigkeit , m\u00fcde , Energielos , traurig aggressiv<\/li><\/ul><p>Eine Osteopathische Behandlung unterst\u00fctzt alle Systeme in Balance zukommen bzw. zu regenerieren. Der Organismus wird unterst\u00fctzt Selbstheilungskr\u00e4ften zu aktivieren. bzw. bereits vorhandenen Selbstheilungsprozess zu unterst\u00fctzen.<\/p><p>\u00a0<\/p><p>Ein optimales Behandlungsergebnis kann erzielt werden in <strong>Zusammenarbeit<\/strong> mit den<\/p><ul><li>Tier\u00e4rzten, bei Bedarf unterst\u00fctzt durch radiologische Untersuchungen , Blutuntersuchungen und weiterf\u00fchrende Tests zur Differenzialdiagnostik.<\/li><li>dem Hufschmied, Hufbearbeiter\/in<\/li><li>\u00a0mit dem Sattler<\/li><li>mit dem Coach oder Trainer-IN<\/li><li>mit dem Reiter &#8211; denn in vielen F\u00e4llen ist eine osteopathische Behandlung des Reiters, in engem Zeitlichen Zusammenhang mit der Behandlung des Pferdes sinnvoll. Frauke Bangemann behandelt sowohl Pferde als auch Reiter da diese h\u00e4ufig Probleme im Bewegungsapperat gegenseitig \u00fcbertragen sollten beide Behandelt werden.<\/li><li>\u00a0<\/li><\/ul><p><strong>Eine Behandlung<\/strong><\/p><ul><li>umfasst eine Anamnese mit Inspektion und Ganganalyse.<\/li><li>Die Erkennung und L\u00f6sung von Blockaden im Bereich der gesamten Wirbels\u00e4ule und den Gelenken, Behandlung des viszeralen und des cranialen Systems bei Bedarf und Beschwerdebild .<\/li><li>Fasciale Techniken (Zungenbein, Zwerchfell, &#8230;) komplementieren die Behandlung. Evtl. Taping<\/li><li>Sattelkontrolle und<\/li><li>Inspektion des Reiters, Besteht Behandlungsbedarf?<\/li><\/ul><p><strong>Kosten<\/strong> pro Behandlung: 130 -150,00 Euro je nach Aufwand<br \/>zuz\u00fcglich Anfahrtskosten (0,35 \u20ac\/ km)<\/p><p><strong>Dauer<\/strong> ca 1.,5 h bis 2 h<\/p>\t\t\t\t\t\t<\/div>\n\t\t\t\t<\/div>\n\t\t\t\t\t<\/div>\n\t\t<\/div>\n\t\t\t\t\t\t\t<\/div>\n\t\t<\/section>\n\t\t\t\t\t\t\t<\/div>\n\t\t","protected":false},"excerpt":{"rendered":"<p>Osteopathie f\u00fcr Pferde Eine Osteopathische Behandlung am Pferd ist ein ganzheitliches Behandlungskonzept, die gute anatomischen und physiologischen Kenntnisse der verschiedenen Systeme im K\u00f6rper von Pferd und Mensch voraussetzt. Die Pferde Osteopathie entspricht den Prinzipien der Human Osteopathie. Der Erfahrungsschatz aus dem Humanbereich kann fast vollst\u00e4ndig \u00fcbertragen werden. Ein Pferd kann nicht sprechen oder doch? Pferde &hellip; <\/p>\n<p class=\"link-more\"><a href=\"https:\/\/pferde.osteopathie-schneverdingen.de\/?page_id=116\" class=\"more-link\"><span class=\"screen-reader-text\">\u201ePferdeostepathie\u201c<\/span> weiterlesen<\/a><\/p>\n","protected":false},"author":1,"featured_media":0,"parent":46,"menu_order":0,"comment_status":"closed","ping_status":"closed","template":"elementor_header_footer","meta":{"footnotes":""},"class_list":["post-116","page","type-page","status-publish","hentry"],"_links":{"self":[{"href":"https:\/\/pferde.osteopathie-schneverdingen.de\/index.php?rest_route=\/wp\/v2\/pages\/116","targetHints":{"allow":["GET"]}}],"collection":[{"href":"https:\/\/pferde.osteopathie-schneverdingen.de\/index.php?rest_route=\/wp\/v2\/pages"}],"about":[{"href":"https:\/\/pferde.osteopathie-schneverdingen.de\/index.php?rest_route=\/wp\/v2\/types\/page"}],"author":[{"embeddable":true,"href":"https:\/\/pferde.osteopathie-schneverdingen.de\/index.php?rest_route=\/wp\/v2\/users\/1"}],"replies":[{"embeddable":true,"href":"https:\/\/pferde.osteopathie-schneverdingen.de\/index.php?rest_route=%2Fwp%2Fv2%2Fcomments&post=116"}],"version-history":[{"count":5,"href":"https:\/\/pferde.osteopathie-schneverdingen.de\/index.php?rest_route=\/wp\/v2\/pages\/116\/revisions"}],"predecessor-version":[{"id":125,"href":"https:\/\/pferde.osteopathie-schneverdingen.de\/index.php?rest_route=\/wp\/v2\/pages\/116\/revisions\/125"}],"up":[{"embeddable":true,"href":"https:\/\/pferde.osteopathie-schneverdingen.de\/index.php?rest_route=\/wp\/v2\/pages\/46"}],"wp:attachment":[{"href":"https:\/\/pferde.osteopathie-schneverdingen.de\/index.php?rest_route=%2Fwp%2Fv2%2Fmedia&parent=116"}],"curies":[{"name":"wp","href":"https:\/\/api.w.org\/{rel}","templated":true}]}}