{"id":44,"date":"2022-09-02T13:59:07","date_gmt":"2022-09-02T13:59:07","guid":{"rendered":"https:\/\/pferde.osteopathie-schneverdingen.de\/?page_id=44"},"modified":"2023-05-05T16:58:25","modified_gmt":"2023-05-05T16:58:25","slug":"ueber-uns","status":"publish","type":"page","link":"https:\/\/pferde.osteopathie-schneverdingen.de\/?page_id=44","title":{"rendered":"Behandlungen"},"content":{"rendered":"\t\t<div data-elementor-type=\"wp-page\" data-elementor-id=\"44\" class=\"elementor elementor-44\">\n\t\t\t\t\t\t\t\t\t<section class=\"elementor-section elementor-top-section elementor-element elementor-element-5c8b7e42 elementor-section-boxed elementor-section-height-default elementor-section-height-default\" data-id=\"5c8b7e42\" data-element_type=\"section\">\n\t\t\t\t\t\t<div class=\"elementor-container elementor-column-gap-default\">\n\t\t\t\t\t<div class=\"elementor-column elementor-col-100 elementor-top-column elementor-element elementor-element-51386f84\" data-id=\"51386f84\" data-element_type=\"column\">\n\t\t\t<div class=\"elementor-widget-wrap elementor-element-populated\">\n\t\t\t\t\t\t\t\t<div class=\"elementor-element elementor-element-3479728 elementor-widget elementor-widget-text-editor\" data-id=\"3479728\" data-element_type=\"widget\" data-widget_type=\"text-editor.default\">\n\t\t\t\t<div class=\"elementor-widget-container\">\n\t\t\t<style>\/*! elementor - v3.15.0 - 20-08-2023 *\/\n.elementor-widget-text-editor.elementor-drop-cap-view-stacked .elementor-drop-cap{background-color:#69727d;color:#fff}.elementor-widget-text-editor.elementor-drop-cap-view-framed .elementor-drop-cap{color:#69727d;border:3px solid;background-color:transparent}.elementor-widget-text-editor:not(.elementor-drop-cap-view-default) .elementor-drop-cap{margin-top:8px}.elementor-widget-text-editor:not(.elementor-drop-cap-view-default) .elementor-drop-cap-letter{width:1em;height:1em}.elementor-widget-text-editor .elementor-drop-cap{float:left;text-align:center;line-height:1;font-size:50px}.elementor-widget-text-editor .elementor-drop-cap-letter{display:inline-block}<\/style>\t\t\t\t<!-- wp:paragraph -->\r\n<p>Die Behandlungen f\u00fcr die Pferde finden in deren vertrauter Umgebung statt. Zur Zeit bieten wir dies nur f\u00fcr Patienten im Umkreis von ca. 30km rund um Schneverdingen an.<\/p>\r\n<p>Eine Behandlung umfasst:<\/p>\r\n<ul>\r\n<li>eine Anamnese mit Inspektion und Ganganalyse.<\/li>\r\n<li>Die\u00a0 Erkennung und L\u00f6sung von Blockaden im Bereich der gesamten Wirbels\u00e4ule und den Gelenken<\/li>\r\n<li>Behandlung des viszeralen und des cranialen Systems bei Bedarf und Beschwerdebild<\/li>\r\n<li>Fasciale Techniken (Zungenbein, Zwerchfell, &#8230;) komplementieren die Behandlung.<\/li>\r\n<li>Sattelkontrolle und<\/li>\r\n<li>Inspektion des Reiters, Besteht Behandlungsbedarf? *<\/li>\r\n<\/ul>\r\n<p><br \/>Kosten pro Behandlung: 130 -150,00 Euro je nach Aufwand<br \/>zuz\u00fcglich Anfahrtskosten <br \/>\u2022 Dauer ca 1.,5 h bis 2 h<\/p>\r\n<p>* Beim Termin kann die Therapeutin sich die Statik des Reiters oder der Reiterin ansehen und ggf. eine osteopathische Behandlung empfehlen bzw. gleich terminieren.\u00a0 Dies ist lediglich eine Inspektion, es kann kein Befund und keine Diagnose erstellt werden. Dies erfolgt dann im Rahmen einer osteopathischen Behandlung des Reiters in der Praxis Heide-Osteopathie in Schneverdigen oder auf Wunsch auch in Zusammenarbeit mit dem bisherigen Osteopathen.<\/p>\r\n<p>Wenn Sie w\u00fcnschen, k\u00f6nnen Sie gleich beide Termine &#8211; f\u00fcr Pferd und Reiter im Vorfeld abstimmen. Diese liegen optimal nur wenige Tage auseinander. Wir bieten zum beispiel an Behandlung des Pferdes am Sonnabend, Behanldung des Reiters am folgenden Montag. Dazwischen sollte nicht geritten werden.<\/p>\r\n<!-- \/wp:paragraph -->\t\t\t\t\t\t<\/div>\n\t\t\t\t<\/div>\n\t\t\t\t<div class=\"elementor-element elementor-element-3ad4b73 elementor-widget elementor-widget-image\" data-id=\"3ad4b73\" data-element_type=\"widget\" data-widget_type=\"image.default\">\n\t\t\t\t<div class=\"elementor-widget-container\">\n\t\t\t<style>\/*! elementor - v3.15.0 - 20-08-2023 *\/\n.elementor-widget-image{text-align:center}.elementor-widget-image a{display:inline-block}.elementor-widget-image a img[src$=\".svg\"]{width:48px}.elementor-widget-image img{vertical-align:middle;display:inline-block}<\/style>\t\t\t\t\t\t\t\t\t\t\t\t<img loading=\"lazy\" decoding=\"async\" width=\"300\" height=\"178\" src=\"https:\/\/pferde.osteopathie-schneverdingen.de\/wp-content\/uploads\/2022\/09\/Heide-Osteopathie-47-scaled-e1683305738426-300x178.jpg\" class=\"attachment-medium size-medium wp-image-9\" alt=\"\" srcset=\"https:\/\/pferde.osteopathie-schneverdingen.de\/wp-content\/uploads\/2022\/09\/Heide-Osteopathie-47-scaled-e1683305738426-300x178.jpg 300w, https:\/\/pferde.osteopathie-schneverdingen.de\/wp-content\/uploads\/2022\/09\/Heide-Osteopathie-47-scaled-e1683305738426-1024x606.jpg 1024w, https:\/\/pferde.osteopathie-schneverdingen.de\/wp-content\/uploads\/2022\/09\/Heide-Osteopathie-47-scaled-e1683305738426-768x455.jpg 768w, https:\/\/pferde.osteopathie-schneverdingen.de\/wp-content\/uploads\/2022\/09\/Heide-Osteopathie-47-scaled-e1683305738426-1536x910.jpg 1536w, https:\/\/pferde.osteopathie-schneverdingen.de\/wp-content\/uploads\/2022\/09\/Heide-Osteopathie-47-scaled-e1683305738426-2048x1213.jpg 2048w\" sizes=\"auto, 100vw\" \/>\t\t\t\t\t\t\t\t\t\t\t\t\t\t\t<\/div>\n\t\t\t\t<\/div>\n\t\t\t\t\t<\/div>\n\t\t<\/div>\n\t\t\t\t\t\t\t<\/div>\n\t\t<\/section>\n\t\t\t\t<section class=\"elementor-section elementor-top-section elementor-element elementor-element-9adaaa6 elementor-section-boxed elementor-section-height-default elementor-section-height-default\" data-id=\"9adaaa6\" data-element_type=\"section\">\n\t\t\t\t\t\t<div class=\"elementor-container elementor-column-gap-default\">\n\t\t\t\t\t<div class=\"elementor-column elementor-col-100 elementor-top-column elementor-element elementor-element-09b707d\" data-id=\"09b707d\" data-element_type=\"column\">\n\t\t\t<div class=\"elementor-widget-wrap\">\n\t\t\t\t\t\t\t\t\t<\/div>\n\t\t<\/div>\n\t\t\t\t\t\t\t<\/div>\n\t\t<\/section>\n\t\t\t\t<section class=\"elementor-section elementor-top-section elementor-element elementor-element-3348438 elementor-section-boxed elementor-section-height-default elementor-section-height-default\" data-id=\"3348438\" data-element_type=\"section\">\n\t\t\t\t\t\t<div class=\"elementor-container elementor-column-gap-default\">\n\t\t\t\t\t<div class=\"elementor-column elementor-col-100 elementor-top-column elementor-element elementor-element-f018e4b\" data-id=\"f018e4b\" data-element_type=\"column\">\n\t\t\t<div class=\"elementor-widget-wrap\">\n\t\t\t\t\t\t\t\t\t<\/div>\n\t\t<\/div>\n\t\t\t\t\t\t\t<\/div>\n\t\t<\/section>\n\t\t\t\t\t\t\t<\/div>\n\t\t","protected":false},"excerpt":{"rendered":"<p>Die Behandlungen f\u00fcr die Pferde finden in deren vertrauter Umgebung statt. Zur Zeit bieten wir dies nur f\u00fcr Patienten im Umkreis von ca. 30km rund um Schneverdingen an. Eine Behandlung umfasst: eine Anamnese mit Inspektion und Ganganalyse. Die\u00a0 Erkennung und L\u00f6sung von Blockaden im Bereich der gesamten Wirbels\u00e4ule und den Gelenken Behandlung des viszeralen und &hellip; <\/p>\n<p class=\"link-more\"><a href=\"https:\/\/pferde.osteopathie-schneverdingen.de\/?page_id=44\" class=\"more-link\"><span class=\"screen-reader-text\">\u201eBehandlungen\u201c<\/span> weiterlesen<\/a><\/p>\n","protected":false},"author":1,"featured_media":66,"parent":0,"menu_order":0,"comment_status":"closed","ping_status":"closed","template":"","meta":{"footnotes":""},"class_list":["post-44","page","type-page","status-publish","has-post-thumbnail","hentry"],"_links":{"self":[{"href":"https:\/\/pferde.osteopathie-schneverdingen.de\/index.php?rest_route=\/wp\/v2\/pages\/44","targetHints":{"allow":["GET"]}}],"collection":[{"href":"https:\/\/pferde.osteopathie-schneverdingen.de\/index.php?rest_route=\/wp\/v2\/pages"}],"about":[{"href":"https:\/\/pferde.osteopathie-schneverdingen.de\/index.php?rest_route=\/wp\/v2\/types\/page"}],"author":[{"embeddable":true,"href":"https:\/\/pferde.osteopathie-schneverdingen.de\/index.php?rest_route=\/wp\/v2\/users\/1"}],"replies":[{"embeddable":true,"href":"https:\/\/pferde.osteopathie-schneverdingen.de\/index.php?rest_route=%2Fwp%2Fv2%2Fcomments&post=44"}],"version-history":[{"count":9,"href":"https:\/\/pferde.osteopathie-schneverdingen.de\/index.php?rest_route=\/wp\/v2\/pages\/44\/revisions"}],"predecessor-version":[{"id":153,"href":"https:\/\/pferde.osteopathie-schneverdingen.de\/index.php?rest_route=\/wp\/v2\/pages\/44\/revisions\/153"}],"wp:featuredmedia":[{"embeddable":true,"href":"https:\/\/pferde.osteopathie-schneverdingen.de\/index.php?rest_route=\/wp\/v2\/media\/66"}],"wp:attachment":[{"href":"https:\/\/pferde.osteopathie-schneverdingen.de\/index.php?rest_route=%2Fwp%2Fv2%2Fmedia&parent=44"}],"curies":[{"name":"wp","href":"https:\/\/api.w.org\/{rel}","templated":true}]}}